{"id":45,"date":"2025-11-03T23:22:22","date_gmt":"2025-11-03T22:22:22","guid":{"rendered":"https:\/\/www.sirimaya.at\/?page_id=45"},"modified":"2025-11-09T08:50:20","modified_gmt":"2025-11-09T07:50:20","slug":"leistungen-preise","status":"publish","type":"page","link":"https:\/\/www.sirimaya.at\/?page_id=45","title":{"rendered":"LEISTUNGEN &amp; PREISE"},"content":{"rendered":"\n<p>Wir bieten verschiedene klassische Thai-Massageanwendungen sowie Massagen mit Aroma\u00f6len und Kr\u00e4utern an. Alle Anwendungen dienen der F\u00f6rderung von Entspannung, Beweglichkeit und dem allgemeinen Wohlbefinden.<\/p>\n\n\n\n<h2 class=\"wp-block-heading\">TRADITIONELLE THAI MASSAGE NUAD THAI<\/h2>\n\n\n\n<p>Sanfte Drucktechniken und gezielte Dehnungen sorgen f\u00fcr Entspannung und ein angenehmes Wohlbefinden von K\u00f6rper und Geist.<\/p>\n\n\n\n<div class=\"wp-block-group is-layout-grid wp-container-core-group-is-layout-baef362d wp-block-group-is-layout-grid\">\n<p class=\"has-text-align-center\"><strong>30 min &#8230; 44 \u20ac<\/strong><\/p>\n\n\n\n<p class=\"has-text-align-center wp-container-content-5e2576f9\"><strong>60 min &#8230; 75 \u20ac<\/strong><\/p>\n\n\n\n<p class=\"has-text-align-center\"><strong>90 min &#8230; 105 \u20ac<\/strong><\/p>\n\n\n\n<p class=\"has-text-align-center\"><strong>120 min &#8230; 124 \u20ac<\/strong><\/p>\n<\/div>\n\n\n\n<h2 class=\"wp-block-heading\">THAI MASSAGE MIT AROMA \u00d6L<\/h2>\n\n\n\n<p>Sanfte Drucktechniken kombiniert mit aromatischen \u00d6len unterst\u00fctzen die Entspannung und f\u00f6rdern das allgemeine Wohlbefinden.<\/p>\n\n\n\n<div class=\"wp-block-group is-layout-grid wp-container-core-group-is-layout-baef362d wp-block-group-is-layout-grid\">\n<p class=\"has-text-align-center\"><strong>30 min &#8230; 44 \u20ac<\/strong><\/p>\n\n\n\n<p class=\"has-text-align-center wp-container-content-5e2576f9\"><strong>60 min &#8230; 75 \u20ac<\/strong><\/p>\n\n\n\n<p class=\"has-text-align-center\"><strong>90 min &#8230; 105 \u20ac<\/strong><\/p>\n\n\n\n<p class=\"has-text-align-center\"><strong>120 min &#8230; 124 \u20ac<\/strong><\/p>\n<\/div>\n\n\n\n<h2 class=\"wp-block-heading\">R\u00dcCKEN &#8211; SCHULTER &#8211; NACKEN &#8211; KOPF NUAD<\/h2>\n\n\n\n<p>Sanfte Massagegriffe f\u00fcr Nacken, Schultern und R\u00fccken tragen zur Entspannung bei und unterst\u00fctzen ein angenehmes K\u00f6rpergef\u00fchl und Wohlbefinden.<\/p>\n\n\n\n<div class=\"wp-block-group is-layout-grid wp-container-core-group-is-layout-8d2db683 wp-block-group-is-layout-grid\">\n<p class=\"has-text-align-center\"><strong>30 min &#8230; 44 \u20ac<\/strong><\/p>\n\n\n\n<p class=\"has-text-align-center wp-container-content-64aeeb98\"><strong>60 min &#8230; 75 \u20ac<\/strong><\/p>\n\n\n\n<p class=\"has-text-align-center\"><strong>90 min &#8230; 105 \u20ac<\/strong><\/p>\n<\/div>\n\n\n\n<h2 class=\"wp-block-heading\">FUSSMASSAGE &#8211; NUAD TAO<\/h2>\n\n\n\n<p>Durch sanfte Massage der F\u00fc\u00dfe wird ein entspannendes Wohlgef\u00fchl f\u00fcr K\u00f6rper und Geist empfunden.<\/p>\n\n\n\n<div class=\"wp-block-group is-layout-grid wp-container-core-group-is-layout-8d2db683 wp-block-group-is-layout-grid\">\n<p class=\"has-text-align-center\"><strong>30 min &#8230; 44 \u20ac<\/strong><\/p>\n\n\n\n<p class=\"has-text-align-center wp-container-content-64aeeb98\"><strong>60 min &#8230; 75 \u20ac<\/strong><\/p>\n<\/div>\n\n\n\n<h2 class=\"wp-block-heading\">THAI MASSAGE MIT KR\u00c4UTERSTEMPEL<\/h2>\n\n\n\n<p>Warme Kr\u00e4uterstempel werden sanft aufgetragen, um die Muskeln zu entspannen und das allgemeine Wohlbefinden zu f\u00f6rdern.<\/p>\n\n\n\n<div class=\"wp-block-group is-layout-grid wp-container-core-group-is-layout-8d2db683 wp-block-group-is-layout-grid\">\n<p class=\"has-text-align-center\"><strong>90 min &#8230; 118 \u20ac<\/strong><\/p>\n\n\n\n<p class=\"has-text-align-center wp-container-content-64aeeb98\"><strong>120 min &#8230; 129 \u20ac<\/strong><\/p>\n<\/div>\n\n\n\n<h2 class=\"wp-block-heading\">5-ER BLOCK<\/h2>\n\n\n\n<div class=\"wp-block-group is-layout-grid wp-container-core-group-is-layout-8d2db683 wp-block-group-is-layout-grid\">\n<p class=\"has-text-align-center wp-container-content-64aeeb98\"><strong>5-ER BLOCK (30 MINUTEN) &#8230; 209 \u20ac<\/strong><\/p>\n\n\n\n<p class=\"has-text-align-center wp-container-content-64aeeb98\"><strong>5-ER BLOCK (60 MINUTEN) &#8230; 349 \u20ac<\/strong><\/p>\n<\/div>\n","protected":false},"excerpt":{"rendered":"<p>Wir bieten verschiedene klassische Thai-Massageanwendungen sowie Massagen mit Aroma\u00f6len und Kr\u00e4utern an. Alle Anwendungen dienen der F\u00f6rderung von Entspannung, Beweglichkeit und dem allgemeinen Wohlbefinden. TRADITIONELLE THAI MASSAGE NUAD THAI Sanfte &hellip; <\/p>\n","protected":false},"author":1,"featured_media":191,"parent":0,"menu_order":0,"comment_status":"closed","ping_status":"closed","template":"","meta":{"footnotes":""},"class_list":["post-45","page","type-page","status-publish","has-post-thumbnail","hentry"],"_links":{"self":[{"href":"https:\/\/www.sirimaya.at\/index.php?rest_route=\/wp\/v2\/pages\/45","targetHints":{"allow":["GET"]}}],"collection":[{"href":"https:\/\/www.sirimaya.at\/index.php?rest_route=\/wp\/v2\/pages"}],"about":[{"href":"https:\/\/www.sirimaya.at\/index.php?rest_route=\/wp\/v2\/types\/page"}],"author":[{"embeddable":true,"href":"https:\/\/www.sirimaya.at\/index.php?rest_route=\/wp\/v2\/users\/1"}],"replies":[{"embeddable":true,"href":"https:\/\/www.sirimaya.at\/index.php?rest_route=%2Fwp%2Fv2%2Fcomments&post=45"}],"version-history":[{"count":7,"href":"https:\/\/www.sirimaya.at\/index.php?rest_route=\/wp\/v2\/pages\/45\/revisions"}],"predecessor-version":[{"id":281,"href":"https:\/\/www.sirimaya.at\/index.php?rest_route=\/wp\/v2\/pages\/45\/revisions\/281"}],"wp:featuredmedia":[{"embeddable":true,"href":"https:\/\/www.sirimaya.at\/index.php?rest_route=\/wp\/v2\/media\/191"}],"wp:attachment":[{"href":"https:\/\/www.sirimaya.at\/index.php?rest_route=%2Fwp%2Fv2%2Fmedia&parent=45"}],"curies":[{"name":"wp","href":"https:\/\/api.w.org\/{rel}","templated":true}]}}