{"id":112,"date":"2025-11-04T19:45:44","date_gmt":"2025-11-04T18:45:44","guid":{"rendered":"https:\/\/www.sirimaya.at\/?page_id=112"},"modified":"2026-02-08T20:47:55","modified_gmt":"2026-02-08T19:47:55","slug":"impressum","status":"publish","type":"page","link":"https:\/\/www.sirimaya.at\/?page_id=112","title":{"rendered":"IMPRESSUM"},"content":{"rendered":"\n<p>Angaben gem\u00e4\u00df \u00a7 5 ECG und Offenlegung gem\u00e4\u00df \u00a7 25 Mediengesetz:<\/p>\n\n\n\n<div class=\"wp-block-group is-layout-grid wp-container-core-group-is-layout-baef362d wp-block-group-is-layout-grid\">\n<p><strong>Kanmanee Phetloed<br><\/strong>Zschokkegasse 91\/7 Lokal 4,<br>A-1220 Wien<\/p>\n\n\n\n<p>Unternehmensgegenstand:&nbsp;<br>Massage eingeschr\u00e4nkt auf NUAD (traditionelle thail\u00e4ndische Massage)<br><\/p>\n\n\n\n<p>T: <a href=\"tel:+436764533651\">+43 676 453 3651<\/a><br>E: <a href=\"mailto:info@phalke.at\"><\/a><a href=\"mailto:massage@sirimaya.at\">massage@sirimaya.at<\/a><\/p>\n\n\n\n<p>Berufsrecht:&nbsp;<br>Gewerbeordnung: www.ris.bka.gv.at<\/p>\n\n\n\n<p>GISA-Zahl.:<br>38955921<\/p>\n\n\n\n<p>Aufsichtsbeh\u00f6rde:&nbsp;<br>Wirtschaftskammer \u00d6sterreich<\/p>\n\n\n\n<p>Gesch\u00e4ftsf\u00fchrung:<br>Suleelak Sorasit<\/p>\n\n\n\n<p>Mitglied bei:&nbsp;<br>WKO Wien<\/p>\n<\/div>\n\n\n\n<p>F\u00fcr die Richtigkeit, Vollst\u00e4ndigkeit und Aktualit\u00e4t der Inhalte wird keine Haftung \u00fcbernommen. F\u00fcr externe Links wird keine Haftung \u00fcbernommen. F\u00fcr den Inhalt verlinkter Seiten sind ausschlie\u00dflich deren Betreiber verantwortlich.<\/p>\n\n\n\n<h3 class=\"wp-block-heading\">Urheberrechtshinweis<\/h3>\n\n\n\n<p>Inhalte dieser Website sind urheberrechtlich gesch\u00fctzt.<\/p>\n\n\n\n<h2 class=\"wp-block-heading\">Kontakt &#8211; Inhaber der Website<\/h2>\n\n\n\n<p>Name: Kanmanee Phetloed, Zschokkegasse 91\/7 Lokal 4, 1220 Wien, \u00d6sterreich<br>E-Mail: <a href=\"mailto:kontakt@sirimaya.at\">kontakt@sirimaya.at<\/a><\/p>\n\n\n\n<h2 class=\"wp-block-heading\">Kontakt &#8211; Betreiber der Website<\/h2>\n\n\n\n<p>Hoster: <a href=\"https:\/\/www.ionos.at\/\" data-type=\"URL\" data-id=\"https:\/\/www.ionos.at\/\">IONOS SE<\/a>, Gumpendorfer Stra\u00dfe 142\/PF 266, 1060 Wien, \u00d6sterreich<br>Siehe auch <a href=\"https:\/\/www.sirimaya.at\/?page_id=3\" data-type=\"page\" data-id=\"3\">Privacy Policy<\/a>.<\/p>\n\n\n\n<p><\/p>\n","protected":false},"excerpt":{"rendered":"<p>Angaben gem\u00e4\u00df \u00a7 5 ECG und Offenlegung gem\u00e4\u00df \u00a7 25 Mediengesetz: Kanmanee PhetloedZschokkegasse 91\/7 Lokal 4,A-1220 Wien Unternehmensgegenstand:&nbsp;Massage eingeschr\u00e4nkt auf NUAD (traditionelle thail\u00e4ndische Massage) T: +43 676 453 3651E: massage@sirimaya.at &hellip; <\/p>\n","protected":false},"author":1,"featured_media":191,"parent":0,"menu_order":0,"comment_status":"closed","ping_status":"closed","template":"","meta":{"footnotes":""},"class_list":["post-112","page","type-page","status-publish","has-post-thumbnail","hentry"],"_links":{"self":[{"href":"https:\/\/www.sirimaya.at\/index.php?rest_route=\/wp\/v2\/pages\/112","targetHints":{"allow":["GET"]}}],"collection":[{"href":"https:\/\/www.sirimaya.at\/index.php?rest_route=\/wp\/v2\/pages"}],"about":[{"href":"https:\/\/www.sirimaya.at\/index.php?rest_route=\/wp\/v2\/types\/page"}],"author":[{"embeddable":true,"href":"https:\/\/www.sirimaya.at\/index.php?rest_route=\/wp\/v2\/users\/1"}],"replies":[{"embeddable":true,"href":"https:\/\/www.sirimaya.at\/index.php?rest_route=%2Fwp%2Fv2%2Fcomments&post=112"}],"version-history":[{"count":10,"href":"https:\/\/www.sirimaya.at\/index.php?rest_route=\/wp\/v2\/pages\/112\/revisions"}],"predecessor-version":[{"id":312,"href":"https:\/\/www.sirimaya.at\/index.php?rest_route=\/wp\/v2\/pages\/112\/revisions\/312"}],"wp:featuredmedia":[{"embeddable":true,"href":"https:\/\/www.sirimaya.at\/index.php?rest_route=\/wp\/v2\/media\/191"}],"wp:attachment":[{"href":"https:\/\/www.sirimaya.at\/index.php?rest_route=%2Fwp%2Fv2%2Fmedia&parent=112"}],"curies":[{"name":"wp","href":"https:\/\/api.w.org\/{rel}","templated":true}]}}